{"id":350,"date":"2020-12-19T13:01:57","date_gmt":"2020-12-19T12:01:57","guid":{"rendered":"https:\/\/pascaledrea.com\/?page_id=350"},"modified":"2024-10-05T19:08:12","modified_gmt":"2024-10-05T17:08:12","slug":"sites-web","status":"publish","type":"page","link":"https:\/\/pascaledrea.com\/index.php\/sites-web\/","title":{"rendered":"Sites Web"},"content":{"rendered":"\n<p>Voici quelques visuels de sites que j\u2019ai con\u00e7us et construits en HTML \u00e0 mes d\u00e9buts, puis en flash pour les sites anim\u00e9s, ou pour les sites statiques avec Dreamweaver, ou encore WordPress ou Joomla.<\/p>\n\n\n\n<div class=\"wp-block-columns is-layout-flex wp-container-core-columns-is-layout-9d6595d7 wp-block-columns-is-layout-flex\">\n<div class=\"wp-block-column is-layout-flow wp-block-column-is-layout-flow\" style=\"flex-basis:100%\">\n<figure class=\"wp-block-gallery has-nested-images columns-3 wp-block-gallery-1 is-layout-flex wp-block-gallery-is-layout-flex\">\n<figure class=\"wp-block-image size-large\"><a href=\"https:\/\/joeldrea.com\" target=\"_blank\" rel=\"noreferrer noopener\"><img loading=\"lazy\" decoding=\"async\" width=\"1024\" height=\"500\" data-orig-file=\"https:\/\/pascaledrea.com\/wp-content\/uploads\/2022\/12\/site-joel.jpg\" data-attachment-url=\"https:\/\/pascaledrea.com\/index.php\/sites-web\/site-joel\/\" data-aspectratio=\"2.05\" data-caption=\"\" data-image-title=\"site-joel\" data-image-description=\"\" srcset=\"https:\/\/pascaledrea.com\/wp-content\/uploads\/2022\/12\/site-joel-300x146.jpg 300w, https:\/\/pascaledrea.com\/wp-content\/uploads\/2022\/12\/site-joel-1024x500.jpg 1024w, https:\/\/pascaledrea.com\/wp-content\/uploads\/2022\/12\/site-joel-768x375.jpg 768w, https:\/\/pascaledrea.com\/wp-content\/uploads\/2022\/12\/site-joel-1536x749.jpg 1536w, https:\/\/pascaledrea.com\/wp-content\/uploads\/2022\/12\/site-joel.jpg 1890w\" data-id=\"1259\" src=\"https:\/\/pascaledrea.com\/wp-content\/uploads\/2022\/12\/site-joel-1024x500.jpg\" alt=\"\" class=\"wp-image-1259\"\/><\/a><\/figure>\n\n<script type=\"application\/ld+json\">[\n    {\n        \"@context\": \"https:\/\/schema.org\/\",\n        \"@type\": \"ImageObject\",\n        \"contentUrl\": \"https:\/\/pascaledrea.com\/wp-content\/uploads\/2022\/12\/site-joel.jpg\",\n        \"license\": \"\",\n        \"acquireLicensePage\": \"\"\n    }\n]<\/script>\n\n\n<figure class=\"wp-block-image size-full\"><a href=\"https:\/\/antoinetome.fr\/\" target=\"_blank\" rel=\"noreferrer noopener\"><img loading=\"lazy\" decoding=\"async\" width=\"500\" height=\"585\" data-orig-file=\"https:\/\/pascaledrea.com\/wp-content\/uploads\/2024\/01\/totoweb.jpg\" data-attachment-url=\"https:\/\/pascaledrea.com\/index.php\/sites-web\/totoweb\/\" data-aspectratio=\"0.85\" data-caption=\"\" data-image-title=\"totoweb\" data-image-description=\"\" srcset=\"https:\/\/pascaledrea.com\/wp-content\/uploads\/2024\/01\/totoweb-256x300.jpg 256w, https:\/\/pascaledrea.com\/wp-content\/uploads\/2024\/01\/totoweb.jpg 500w\" data-id=\"1728\" src=\"https:\/\/pascaledrea.com\/wp-content\/uploads\/2024\/01\/totoweb.jpg\" alt=\"\" class=\"wp-image-1728\"\/><\/a><\/figure>\n\n<script type=\"application\/ld+json\">[\n    {\n        \"@context\": \"https:\/\/schema.org\/\",\n        \"@type\": \"ImageObject\",\n        \"contentUrl\": \"https:\/\/pascaledrea.com\/wp-content\/uploads\/2024\/01\/totoweb.jpg\",\n        \"license\": \"\",\n        \"acquireLicensePage\": \"\"\n    }\n]<\/script>\n\n\n<figure class=\"wp-block-image size-large\"><img loading=\"lazy\" decoding=\"async\" width=\"250\" height=\"203\" data-orig-file=\"https:\/\/pascaledrea.com\/wp-content\/uploads\/2020\/12\/9.jpg\" data-attachment-url=\"https:\/\/pascaledrea.com\/index.php\/sites-web\/attachment\/9\/\" data-aspectratio=\"1.23\" data-caption=\"\" data-image-title=\"9\" data-image-description=\"\" srcset=\"\" data-id=\"602\" src=\"https:\/\/pascaledrea.com\/wp-content\/uploads\/2020\/12\/9.jpg\" alt=\"\" class=\"wp-image-602\"\/><\/figure>\n\n<script type=\"application\/ld+json\">[\n    {\n        \"@context\": \"https:\/\/schema.org\/\",\n        \"@type\": \"ImageObject\",\n        \"contentUrl\": \"https:\/\/pascaledrea.com\/wp-content\/uploads\/2020\/12\/9.jpg\",\n        \"license\": \"\",\n        \"acquireLicensePage\": \"\"\n    }\n]<\/script>\n\n\n<figure class=\"wp-block-image size-large\"><img loading=\"lazy\" decoding=\"async\" width=\"250\" height=\"188\" data-orig-file=\"https:\/\/pascaledrea.com\/wp-content\/uploads\/2020\/12\/10.jpg\" data-attachment-url=\"https:\/\/pascaledrea.com\/index.php\/sites-web\/attachment\/10\/\" data-aspectratio=\"1.33\" data-caption=\"\" data-image-title=\"10\" data-image-description=\"\" srcset=\"\" data-id=\"603\" src=\"https:\/\/pascaledrea.com\/wp-content\/uploads\/2020\/12\/10.jpg\" alt=\"\" class=\"wp-image-603\"\/><\/figure>\n\n<script type=\"application\/ld+json\">[\n    {\n        \"@context\": \"https:\/\/schema.org\/\",\n        \"@type\": \"ImageObject\",\n        \"contentUrl\": \"https:\/\/pascaledrea.com\/wp-content\/uploads\/2020\/12\/10.jpg\",\n        \"license\": \"\",\n        \"acquireLicensePage\": \"\"\n    }\n]<\/script>\n\n\n<figure class=\"wp-block-image size-large\"><img loading=\"lazy\" decoding=\"async\" width=\"250\" height=\"131\" data-orig-file=\"https:\/\/pascaledrea.com\/wp-content\/uploads\/2020\/12\/axel.jpg\" data-attachment-url=\"https:\/\/pascaledrea.com\/index.php\/sites-web\/axel\/\" data-aspectratio=\"1.91\" data-caption=\"\" data-image-title=\"axel\" data-image-description=\"\" srcset=\"\" data-id=\"606\" src=\"https:\/\/pascaledrea.com\/wp-content\/uploads\/2020\/12\/axel.jpg\" alt=\"\" class=\"wp-image-606\"\/><\/figure>\n\n<script type=\"application\/ld+json\">[\n    {\n        \"@context\": \"https:\/\/schema.org\/\",\n        \"@type\": \"ImageObject\",\n        \"contentUrl\": \"https:\/\/pascaledrea.com\/wp-content\/uploads\/2020\/12\/axel.jpg\",\n        \"license\": \"\",\n        \"acquireLicensePage\": \"\"\n    }\n]<\/script>\n\n\n<figure class=\"wp-block-image size-large\"><img loading=\"lazy\" decoding=\"async\" width=\"1024\" height=\"458\" data-orig-file=\"https:\/\/pascaledrea.com\/wp-content\/uploads\/2020\/12\/coach.jpg\" data-attachment-url=\"https:\/\/pascaledrea.com\/index.php\/sites-web\/coach\/\" data-aspectratio=\"2.24\" data-caption=\"\" data-image-title=\"coach\" data-image-description=\"\" srcset=\"https:\/\/pascaledrea.com\/wp-content\/uploads\/2020\/12\/coach-300x134.jpg 300w, https:\/\/pascaledrea.com\/wp-content\/uploads\/2020\/12\/coach-1024x458.jpg 1024w, https:\/\/pascaledrea.com\/wp-content\/uploads\/2020\/12\/coach-768x344.jpg 768w, https:\/\/pascaledrea.com\/wp-content\/uploads\/2020\/12\/coach.jpg 1337w\" data-id=\"607\" src=\"https:\/\/pascaledrea.com\/wp-content\/uploads\/2020\/12\/coach-1024x458.jpg\" alt=\"\" class=\"wp-image-607\"\/><\/figure>\n\n<script type=\"application\/ld+json\">[\n    {\n        \"@context\": \"https:\/\/schema.org\/\",\n        \"@type\": \"ImageObject\",\n        \"contentUrl\": \"https:\/\/pascaledrea.com\/wp-content\/uploads\/2020\/12\/coach.jpg\",\n        \"license\": \"\",\n        \"acquireLicensePage\": \"\"\n    }\n]<\/script>\n\n\n<figure class=\"wp-block-image size-large\"><img loading=\"lazy\" decoding=\"async\" width=\"250\" height=\"159\" data-orig-file=\"https:\/\/pascaledrea.com\/wp-content\/uploads\/2020\/12\/gorgeous.jpg\" data-attachment-url=\"https:\/\/pascaledrea.com\/index.php\/sites-web\/gorgeous\/\" data-aspectratio=\"1.57\" data-caption=\"\" data-image-title=\"gorgeous\" data-image-description=\"\" srcset=\"\" data-id=\"608\" src=\"https:\/\/pascaledrea.com\/wp-content\/uploads\/2020\/12\/gorgeous.jpg\" alt=\"\" class=\"wp-image-608\"\/><\/figure>\n\n<script type=\"application\/ld+json\">[\n    {\n        \"@context\": \"https:\/\/schema.org\/\",\n        \"@type\": \"ImageObject\",\n        \"contentUrl\": \"https:\/\/pascaledrea.com\/wp-content\/uploads\/2020\/12\/gorgeous.jpg\",\n        \"license\": \"\",\n        \"acquireLicensePage\": \"\"\n    }\n]<\/script>\n\n\n<figure class=\"wp-block-image size-large\"><img loading=\"lazy\" decoding=\"async\" width=\"250\" height=\"120\" data-orig-file=\"https:\/\/pascaledrea.com\/wp-content\/uploads\/2020\/12\/GORGEOUS2.jpg\" data-attachment-url=\"https:\/\/pascaledrea.com\/index.php\/sites-web\/gorgeous2\/\" data-aspectratio=\"2.08\" data-caption=\"\" data-image-title=\"GORGEOUS2\" data-image-description=\"\" srcset=\"\" data-id=\"609\" src=\"https:\/\/pascaledrea.com\/wp-content\/uploads\/2020\/12\/GORGEOUS2.jpg\" alt=\"\" class=\"wp-image-609\"\/><\/figure>\n\n<script type=\"application\/ld+json\">[\n    {\n        \"@context\": \"https:\/\/schema.org\/\",\n        \"@type\": \"ImageObject\",\n        \"contentUrl\": \"https:\/\/pascaledrea.com\/wp-content\/uploads\/2020\/12\/GORGEOUS2.jpg\",\n        \"license\": \"\",\n        \"acquireLicensePage\": \"\"\n    }\n]<\/script>\n\n\n<figure class=\"wp-block-image size-large\"><img loading=\"lazy\" decoding=\"async\" width=\"250\" height=\"116\" data-orig-file=\"https:\/\/pascaledrea.com\/wp-content\/uploads\/2020\/12\/ICONONO.jpg\" data-attachment-url=\"https:\/\/pascaledrea.com\/index.php\/sites-web\/iconono\/\" data-aspectratio=\"2.16\" data-caption=\"\" data-image-title=\"ICONONO\" data-image-description=\"\" srcset=\"\" data-id=\"610\" src=\"https:\/\/pascaledrea.com\/wp-content\/uploads\/2020\/12\/ICONONO.jpg\" alt=\"\" class=\"wp-image-610\"\/><\/figure>\n\n<script type=\"application\/ld+json\">[\n    {\n        \"@context\": \"https:\/\/schema.org\/\",\n        \"@type\": \"ImageObject\",\n        \"contentUrl\": \"https:\/\/pascaledrea.com\/wp-content\/uploads\/2020\/12\/ICONONO.jpg\",\n        \"license\": \"\",\n        \"acquireLicensePage\": \"\"\n    }\n]<\/script>\n\n\n<figure class=\"wp-block-image size-large\"><img loading=\"lazy\" decoding=\"async\" width=\"250\" height=\"120\" data-orig-file=\"https:\/\/pascaledrea.com\/wp-content\/uploads\/2020\/12\/inclassables.jpg\" data-attachment-url=\"https:\/\/pascaledrea.com\/index.php\/sites-web\/inclassables\/\" data-aspectratio=\"2.08\" data-caption=\"\" data-image-title=\"inclassables\" data-image-description=\"\" srcset=\"\" data-id=\"611\" src=\"https:\/\/pascaledrea.com\/wp-content\/uploads\/2020\/12\/inclassables.jpg\" alt=\"\" class=\"wp-image-611\"\/><\/figure>\n\n<script type=\"application\/ld+json\">[\n    {\n        \"@context\": \"https:\/\/schema.org\/\",\n        \"@type\": \"ImageObject\",\n        \"contentUrl\": \"https:\/\/pascaledrea.com\/wp-content\/uploads\/2020\/12\/inclassables.jpg\",\n        \"license\": \"\",\n        \"acquireLicensePage\": \"\"\n    }\n]<\/script>\n\n\n<figure class=\"wp-block-image size-large\"><img loading=\"lazy\" decoding=\"async\" width=\"312\" height=\"202\" data-orig-file=\"https:\/\/pascaledrea.com\/wp-content\/uploads\/2020\/12\/lsdj.jpg\" data-attachment-url=\"https:\/\/pascaledrea.com\/index.php\/sites-web\/lsdj\/\" data-aspectratio=\"1.54\" data-caption=\"\" data-image-title=\"lsdj\" data-image-description=\"\" srcset=\"https:\/\/pascaledrea.com\/wp-content\/uploads\/2020\/12\/lsdj-300x194.jpg 300w, https:\/\/pascaledrea.com\/wp-content\/uploads\/2020\/12\/lsdj.jpg 312w\" data-id=\"612\" src=\"https:\/\/pascaledrea.com\/wp-content\/uploads\/2020\/12\/lsdj.jpg\" alt=\"\" class=\"wp-image-612\"\/><\/figure>\n\n<script type=\"application\/ld+json\">[\n    {\n        \"@context\": \"https:\/\/schema.org\/\",\n        \"@type\": \"ImageObject\",\n        \"contentUrl\": \"https:\/\/pascaledrea.com\/wp-content\/uploads\/2020\/12\/lsdj.jpg\",\n        \"license\": \"\",\n        \"acquireLicensePage\": \"\"\n    }\n]<\/script>\n\n\n<figure class=\"wp-block-image size-large\"><img loading=\"lazy\" decoding=\"async\" width=\"386\" height=\"250\" data-orig-file=\"https:\/\/pascaledrea.com\/wp-content\/uploads\/2020\/12\/mas.jpg\" data-attachment-url=\"https:\/\/pascaledrea.com\/index.php\/sites-web\/mas\/\" data-aspectratio=\"1.54\" data-caption=\"\" data-image-title=\"mas\" data-image-description=\"\" srcset=\"https:\/\/pascaledrea.com\/wp-content\/uploads\/2020\/12\/mas-300x194.jpg 300w, https:\/\/pascaledrea.com\/wp-content\/uploads\/2020\/12\/mas.jpg 386w\" data-id=\"613\" src=\"https:\/\/pascaledrea.com\/wp-content\/uploads\/2020\/12\/mas.jpg\" alt=\"\" class=\"wp-image-613\"\/><\/figure>\n\n<script type=\"application\/ld+json\">[\n    {\n        \"@context\": \"https:\/\/schema.org\/\",\n        \"@type\": \"ImageObject\",\n        \"contentUrl\": \"https:\/\/pascaledrea.com\/wp-content\/uploads\/2020\/12\/mas.jpg\",\n        \"license\": \"\",\n        \"acquireLicensePage\": \"\"\n    }\n]<\/script>\n\n\n<figure class=\"wp-block-image size-large\"><img loading=\"lazy\" decoding=\"async\" width=\"250\" height=\"158\" data-orig-file=\"https:\/\/pascaledrea.com\/wp-content\/uploads\/2020\/12\/mr.jpg\" data-attachment-url=\"https:\/\/pascaledrea.com\/index.php\/sites-web\/mr\/\" data-aspectratio=\"1.58\" data-caption=\"\" data-image-title=\"mr\" data-image-description=\"\" srcset=\"\" data-id=\"614\" src=\"https:\/\/pascaledrea.com\/wp-content\/uploads\/2020\/12\/mr.jpg\" alt=\"\" class=\"wp-image-614\"\/><\/figure>\n\n<script type=\"application\/ld+json\">[\n    {\n        \"@context\": \"https:\/\/schema.org\/\",\n        \"@type\": \"ImageObject\",\n        \"contentUrl\": \"https:\/\/pascaledrea.com\/wp-content\/uploads\/2020\/12\/mr.jpg\",\n        \"license\": \"\",\n        \"acquireLicensePage\": \"\"\n    }\n]<\/script>\n\n\n<figure class=\"wp-block-image size-large\"><img loading=\"lazy\" decoding=\"async\" width=\"1024\" height=\"526\" data-orig-file=\"https:\/\/pascaledrea.com\/wp-content\/uploads\/2020\/12\/nono.jpg\" data-attachment-url=\"https:\/\/pascaledrea.com\/index.php\/sites-web\/nono\/\" data-aspectratio=\"1.95\" data-caption=\"\" data-image-title=\"nono\" data-image-description=\"\" srcset=\"https:\/\/pascaledrea.com\/wp-content\/uploads\/2020\/12\/nono-300x154.jpg 300w, https:\/\/pascaledrea.com\/wp-content\/uploads\/2020\/12\/nono-1024x526.jpg 1024w, https:\/\/pascaledrea.com\/wp-content\/uploads\/2020\/12\/nono-768x394.jpg 768w, https:\/\/pascaledrea.com\/wp-content\/uploads\/2020\/12\/nono.jpg 1208w\" data-id=\"615\" src=\"https:\/\/pascaledrea.com\/wp-content\/uploads\/2020\/12\/nono-1024x526.jpg\" alt=\"\" class=\"wp-image-615\"\/><\/figure>\n\n<script type=\"application\/ld+json\">[\n    {\n        \"@context\": \"https:\/\/schema.org\/\",\n        \"@type\": \"ImageObject\",\n        \"contentUrl\": \"https:\/\/pascaledrea.com\/wp-content\/uploads\/2020\/12\/nono.jpg\",\n        \"license\": \"\",\n        \"acquireLicensePage\": \"\"\n    }\n]<\/script>\n\n\n<figure class=\"wp-block-image size-large\"><img loading=\"lazy\" decoding=\"async\" width=\"250\" height=\"127\" data-orig-file=\"https:\/\/pascaledrea.com\/wp-content\/uploads\/2020\/12\/NONO1.jpg\" data-attachment-url=\"https:\/\/pascaledrea.com\/index.php\/sites-web\/nono1\/\" data-aspectratio=\"1.97\" data-caption=\"\" data-image-title=\"NONO1\" data-image-description=\"\" srcset=\"\" data-id=\"616\" src=\"https:\/\/pascaledrea.com\/wp-content\/uploads\/2020\/12\/NONO1.jpg\" alt=\"\" class=\"wp-image-616\"\/><\/figure>\n\n<script type=\"application\/ld+json\">[\n    {\n        \"@context\": \"https:\/\/schema.org\/\",\n        \"@type\": \"ImageObject\",\n        \"contentUrl\": \"https:\/\/pascaledrea.com\/wp-content\/uploads\/2020\/12\/NONO1.jpg\",\n        \"license\": \"\",\n        \"acquireLicensePage\": \"\"\n    }\n]<\/script>\n\n\n<figure class=\"wp-block-image size-large\"><img loading=\"lazy\" decoding=\"async\" width=\"250\" height=\"154\" data-orig-file=\"https:\/\/pascaledrea.com\/wp-content\/uploads\/2020\/12\/shiatsu.jpg\" data-attachment-url=\"https:\/\/pascaledrea.com\/index.php\/sites-web\/shiatsu\/\" data-aspectratio=\"1.62\" data-caption=\"\" data-image-title=\"shiatsu\" data-image-description=\"\" srcset=\"\" data-id=\"618\" src=\"https:\/\/pascaledrea.com\/wp-content\/uploads\/2020\/12\/shiatsu.jpg\" alt=\"\" class=\"wp-image-618\"\/><\/figure>\n\n<script type=\"application\/ld+json\">[\n    {\n        \"@context\": \"https:\/\/schema.org\/\",\n        \"@type\": \"ImageObject\",\n        \"contentUrl\": \"https:\/\/pascaledrea.com\/wp-content\/uploads\/2020\/12\/shiatsu.jpg\",\n        \"license\": \"\",\n        \"acquireLicensePage\": \"\"\n    }\n]<\/script>\n\n\n<figure class=\"wp-block-image size-full is-style-default\"><img loading=\"lazy\" decoding=\"async\" width=\"250\" height=\"158\" data-orig-file=\"https:\/\/pascaledrea.com\/wp-content\/uploads\/2020\/12\/rt.jpg\" data-attachment-url=\"https:\/\/pascaledrea.com\/index.php\/sites-web\/rt\/\" data-aspectratio=\"1.58\" data-caption=\"\" data-image-title=\"rt\" data-image-description=\"\" srcset=\"\" data-id=\"617\" src=\"https:\/\/pascaledrea.com\/wp-content\/uploads\/2020\/12\/rt.jpg\" alt=\"\" class=\"wp-image-617\"\/><\/figure>\n\n<script type=\"application\/ld+json\">[\n    {\n        \"@context\": \"https:\/\/schema.org\/\",\n        \"@type\": \"ImageObject\",\n        \"contentUrl\": \"https:\/\/pascaledrea.com\/wp-content\/uploads\/2020\/12\/rt.jpg\",\n        \"license\": \"\",\n        \"acquireLicensePage\": \"\"\n    }\n]<\/script>\n\n\n<figure class=\"wp-block-image size-full\"><img loading=\"lazy\" decoding=\"async\" width=\"726\" height=\"825\" data-orig-file=\"https:\/\/pascaledrea.com\/wp-content\/uploads\/2024\/09\/Capture-decran-2024-09-03-151933.jpg\" data-attachment-url=\"https:\/\/pascaledrea.com\/index.php\/sites-web\/capture-decran-2024-09-03-151933\/\" data-aspectratio=\"0.88\" data-caption=\"\" data-image-title=\"Capture d\u2019\u00e9cran 2024-09-03 151933\" data-image-description=\"\" srcset=\"https:\/\/pascaledrea.com\/wp-content\/uploads\/2024\/09\/Capture-decran-2024-09-03-151933-264x300.jpg 264w, https:\/\/pascaledrea.com\/wp-content\/uploads\/2024\/09\/Capture-decran-2024-09-03-151933.jpg 726w\" data-id=\"1760\" src=\"https:\/\/pascaledrea.com\/wp-content\/uploads\/2024\/09\/Capture-decran-2024-09-03-151933.jpg\" alt=\"\" class=\"wp-image-1760\"\/><\/figure>\n\n<script type=\"application\/ld+json\">[\n    {\n        \"@context\": \"https:\/\/schema.org\/\",\n        \"@type\": \"ImageObject\",\n        \"contentUrl\": \"https:\/\/pascaledrea.com\/wp-content\/uploads\/2024\/09\/Capture-decran-2024-09-03-151933.jpg\",\n        \"license\": \"\",\n        \"acquireLicensePage\": \"\"\n    }\n]<\/script><\/figure>\n<\/div>\n<\/div>\n","protected":false},"excerpt":{"rendered":"<p>Voici quelques visuels de sites que j\u2019ai con\u00e7us et construits en HTML \u00e0 mes d\u00e9buts, puis en flash pour les sites anim\u00e9s, ou pour les sites statiques avec Dreamweaver, ou encore WordPress ou Joomla.<\/p>\n","protected":false},"author":1,"featured_media":0,"parent":0,"menu_order":0,"comment_status":"closed","ping_status":"closed","template":"","meta":{"footnotes":""},"class_list":["post-350","page","type-page","status-publish","hentry"],"_links":{"self":[{"href":"https:\/\/pascaledrea.com\/index.php\/wp-json\/wp\/v2\/pages\/350","targetHints":{"allow":["GET"]}}],"collection":[{"href":"https:\/\/pascaledrea.com\/index.php\/wp-json\/wp\/v2\/pages"}],"about":[{"href":"https:\/\/pascaledrea.com\/index.php\/wp-json\/wp\/v2\/types\/page"}],"author":[{"embeddable":true,"href":"https:\/\/pascaledrea.com\/index.php\/wp-json\/wp\/v2\/users\/1"}],"replies":[{"embeddable":true,"href":"https:\/\/pascaledrea.com\/index.php\/wp-json\/wp\/v2\/comments?post=350"}],"version-history":[{"count":14,"href":"https:\/\/pascaledrea.com\/index.php\/wp-json\/wp\/v2\/pages\/350\/revisions"}],"predecessor-version":[{"id":1807,"href":"https:\/\/pascaledrea.com\/index.php\/wp-json\/wp\/v2\/pages\/350\/revisions\/1807"}],"wp:attachment":[{"href":"https:\/\/pascaledrea.com\/index.php\/wp-json\/wp\/v2\/media?parent=350"}],"curies":[{"name":"wp","href":"https:\/\/api.w.org\/{rel}","templated":true}]}}