{"id":353,"date":"2020-12-19T13:01:57","date_gmt":"2020-12-19T12:01:57","guid":{"rendered":"https:\/\/pascaledrea.com\/?page_id=353"},"modified":"2024-10-05T19:28:41","modified_gmt":"2024-10-05T17:28:41","slug":"video-clips","status":"publish","type":"page","link":"https:\/\/pascaledrea.com\/index.php\/video-clips\/","title":{"rendered":"Montage Vid\u00e9o, Clips"},"content":{"rendered":"\n<p>Voici quelques uns des clips que j\u2019ai r\u00e9alis\u00e9s, de la conception\/tournage\/montage\/\u00e9talonnage \u00e0 la mise ligne et int\u00e9gration \u00e0 leurs sites, pour diff\u00e9rents artistes (Antoine Tom\u00e9 (tous ses clips <a rel=\"noreferrer noopener\" href=\"https:\/\/youtube.com\/playlist?list=PL7zUCB8WNDBCc_pTpF2kz8X7ZicHWY7u6\" target=\"_blank\">ici<\/a> &#8211; sur ma cha\u00eene youTube), Coudam, Les Dregs, Mojo Waka, Toto Nimate, etc.), avec peu de moyens mais beaucoup d\u2019enthousiasme ! <\/p>\n\n\n\n<p><strong>Contactez-moi pour conna\u00eetre mes tarifs<\/strong> de montage qui d\u00e9pendront de la dur\u00e9e du film, de la quantit\u00e9 de rushes, de la complexit\u00e9 des effets souhait\u00e9s, de la demande de sous-titres, etc. Je suis \u00e0 votre disposition pour discuter de votre projet et vous fournir un devis personnalis\u00e9.<\/p>\n\n\n\n<iframe loading=\"lazy\" width=\"280\" height=\"157\" src=\"https:\/\/www.youtube.com\/embed\/WNh4arxitNA\" frameborder=\"0\" allow=\"accelerometer; autoplay; encrypted-media; gyroscope; picture-in-picture\" allowfullscreen=\"\"><\/iframe>\n\n\n\n<iframe loading=\"lazy\" width=\"280\" height=\"157\" src=\"https:\/\/www.youtube.com\/embed\/JV_T3T2viQY\" frameborder=\"0\" allow=\"accelerometer; autoplay; encrypted-media; gyroscope; picture-in-picture\" allowfullscreen=\"\"><\/iframe>\n\n\n\n<iframe loading=\"lazy\" width=\"280\" height=\"157\" src=\"https:\/\/www.youtube.com\/embed\/-G7RO2xg9Io\" frameborder=\"0\" allow=\"accelerometer; autoplay; encrypted-media; gyroscope; picture-in-picture\" allowfullscreen=\"\"><\/iframe>\n\n\n\n<iframe loading=\"lazy\" width=\"280\" height=\"157\" src=\"https:\/\/www.youtube.com\/embed\/bT0_o6hP-_Y\" frameborder=\"0\" allow=\"accelerometer; autoplay; encrypted-media; gyroscope; picture-in-picture\" allowfullscreen=\"\"><\/iframe>\n\n\n\n<iframe loading=\"lazy\" width=\"280\" height=\"157\" src=\"https:\/\/www.youtube.com\/embed\/lLZDKRVBZO0\" frameborder=\"0\" allow=\"accelerometer; autoplay; encrypted-media; gyroscope; picture-in-picture\" allowfullscreen=\"\"><\/iframe>\n\n\n\n<iframe loading=\"lazy\" width=\"280\" height=\"157\" src=\"https:\/\/www.youtube.com\/embed\/N5Gl2RsTA9Y\" frameborder=\"0\" allow=\"accelerometer; autoplay; encrypted-media; gyroscope; picture-in-picture\" allowfullscreen=\"\"><\/iframe>\n\n\n\n<iframe loading=\"lazy\" width=\"280\" height=\"157\" src=\"https:\/\/www.youtube.com\/embed\/fkrIp7zesgE\" frameborder=\"0\" allow=\"accelerometer; autoplay; encrypted-media; gyroscope; picture-in-picture\" allowfullscreen=\"\"><\/iframe>\n\n\n\n<iframe loading=\"lazy\" width=\"280\" height=\"157\" src=\"https:\/\/www.youtube.com\/embed\/_Vp6t1H5hSE\" frameborder=\"0\" allow=\"accelerometer; autoplay; encrypted-media; gyroscope; picture-in-picture\" allowfullscreen=\"\"><\/iframe>\n\n\n\n<iframe loading=\"lazy\" width=\"280\" height=\"157\" src=\"https:\/\/www.youtube.com\/embed\/\/1KiSGPQW1DQ\" frameborder=\"0\" allow=\"accelerometer; autoplay; encrypted-media; gyroscope; picture-in-picture\" allowfullscreen=\"\"><\/iframe>\n\n\n\n<iframe loading=\"lazy\" width=\"280\" height=\"157\" src=\"https:\/\/www.youtube.com\/embed\/-DJktamJ3NA\" frameborder=\"0\" allow=\"accelerometer; autoplay; encrypted-media; gyroscope; picture-in-picture\" allowfullscreen=\"\"><\/iframe>\n\n\n\n<iframe loading=\"lazy\" width=\"280\" height=\"157\" src=\"https:\/\/www.youtube.com\/embed\/PactiBKrOAU\" frameborder=\"0\" allow=\"accelerometer; autoplay; encrypted-media; gyroscope; picture-in-picture\" allowfullscreen=\"\"><\/iframe>\n\n\n\n<iframe loading=\"lazy\" width=\"280\" height=\"157\" src=\"https:\/\/www.youtube.com\/embed\/XPqdHL4ZwRA\" frameborder=\"0\" allow=\"accelerometer; autoplay; encrypted-media; gyroscope; picture-in-picture\" allowfullscreen=\"\"><\/iframe>\n\n\n\n<iframe loading=\"lazy\" width=\"280\" height=\"157\" src=\"https:\/\/www.youtube.com\/embed\/ECApktMcUxk\" frameborder=\"0\" allow=\"accelerometer; autoplay; encrypted-media; gyroscope; picture-in-picture\" allowfullscreen=\"\"><\/iframe>\n\n\n\n<iframe loading=\"lazy\" width=\"280\" height=\"157\" src=\"https:\/\/www.youtube.com\/embed\/\/1oDIFQUmdzQ\" frameborder=\"0\" allow=\"accelerometer; autoplay; encrypted-media; gyroscope; picture-in-picture\" allowfullscreen=\"\"><\/iframe>\n\n\n\n<iframe loading=\"lazy\" width=\"280\" height=\"157\" src=\"https:\/\/www.youtube.com\/embed\/\/S6JrLuw2xJk\" frameborder=\"0\" allow=\"accelerometer; autoplay; encrypted-media; gyroscope; picture-in-picture\" allowfullscreen=\"\"><\/iframe>\n\n\n\n<iframe loading=\"lazy\" width=\"280\" height=\"157\" src=\"https:\/\/www.youtube.com\/embed\/\/UYk5mjVZC9A\" frameborder=\"0\" allow=\"accelerometer; autoplay; encrypted-media; gyroscope; picture-in-picture\" allowfullscreen=\"\"><\/iframe>\n\n\n\n<iframe loading=\"lazy\" width=\"280\" height=\"157\" src=\"https:\/\/www.youtube.com\/embed\/\/02G5rTtq0E8\" frameborder=\"0\" allow=\"accelerometer; autoplay; encrypted-media; gyroscope; picture-in-picture\" allowfullscreen=\"\"><\/iframe>\n\n\n\n<iframe loading=\"lazy\" width=\"280\" height=\"157\" src=\"https:\/\/www.youtube.com\/embed\/XwK251sFFWI\" frameborder=\"0\" allow=\"accelerometer; autoplay; encrypted-media; gyroscope; picture-in-picture\" allowfullscreen=\"\"><\/iframe>\n\n\n\n<iframe loading=\"lazy\" width=\"280\" height=\"157\" src=\"https:\/\/www.youtube.com\/embed\/_tRw5qvUbyY\" frameborder=\"0\" allow=\"accelerometer; autoplay; encrypted-media; gyroscope; picture-in-picture\" allowfullscreen=\"\"><\/iframe>\n\n\n\n<iframe loading=\"lazy\" width=\"280\" height=\"157\" src=\"https:\/\/www.youtube.com\/embed\/DSgcfzahBF8\" frameborder=\"0\" allow=\"accelerometer; autoplay; encrypted-media; gyroscope; picture-in-picture\" allowfullscreen=\"\"><\/iframe>\n\n\n\n<iframe loading=\"lazy\" width=\"280\" height=\"157\" src=\"https:\/\/www.youtube.com\/embed\/gi7v7i95rqk\" frameborder=\"0\" allow=\"accelerometer; autoplay; encrypted-media; gyroscope; picture-in-picture\" allowfullscreen=\"\"><\/iframe>\n\n\n\n<iframe loading=\"lazy\" width=\"280\" height=\"157\" src=\"https:\/\/www.youtube.com\/embed\/CkAzd3OM3Ew\" frameborder=\"0\" allow=\"accelerometer; autoplay; encrypted-media; gyroscope; picture-in-picture\" allowfullscreen=\"\"><\/iframe>\n\n\n\n<iframe loading=\"lazy\" width=\"280\" height=\"157\" src=\"https:\/\/www.youtube.com\/embed\/gFcWYkj14kc\" frameborder=\"0\" allow=\"accelerometer; autoplay; encrypted-media; gyroscope; picture-in-picture\" allowfullscreen=\"\"><\/iframe>\n\n\n\n<iframe loading=\"lazy\" width=\"280\" height=\"157\" src=\"https:\/\/www.youtube.com\/embed\/DF8pukHtKqQ\" frameborder=\"0\" allow=\"accelerometer; autoplay; encrypted-media; gyroscope; picture-in-picture\" allowfullscreen=\"\"><\/iframe>\n","protected":false},"excerpt":{"rendered":"<p>Voici quelques uns des clips que j\u2019ai r\u00e9alis\u00e9s, de la conception\/tournage\/montage\/\u00e9talonnage \u00e0 la mise ligne et int\u00e9gration \u00e0 leurs sites, pour diff\u00e9rents artistes (Antoine Tom\u00e9 (tous ses clips ici &#8211; sur ma cha\u00eene youTube), Coudam, Les Dregs, Mojo Waka, Toto Nimate, etc.), avec peu de moyens mais beaucoup d\u2019enthousiasme ! Contactez-moi pour conna\u00eetre mes tarifs [&hellip;]<\/p>\n","protected":false},"author":1,"featured_media":0,"parent":0,"menu_order":0,"comment_status":"closed","ping_status":"closed","template":"","meta":{"footnotes":""},"class_list":["post-353","page","type-page","status-publish","hentry"],"_links":{"self":[{"href":"https:\/\/pascaledrea.com\/index.php\/wp-json\/wp\/v2\/pages\/353","targetHints":{"allow":["GET"]}}],"collection":[{"href":"https:\/\/pascaledrea.com\/index.php\/wp-json\/wp\/v2\/pages"}],"about":[{"href":"https:\/\/pascaledrea.com\/index.php\/wp-json\/wp\/v2\/types\/page"}],"author":[{"embeddable":true,"href":"https:\/\/pascaledrea.com\/index.php\/wp-json\/wp\/v2\/users\/1"}],"replies":[{"embeddable":true,"href":"https:\/\/pascaledrea.com\/index.php\/wp-json\/wp\/v2\/comments?post=353"}],"version-history":[{"count":44,"href":"https:\/\/pascaledrea.com\/index.php\/wp-json\/wp\/v2\/pages\/353\/revisions"}],"predecessor-version":[{"id":1819,"href":"https:\/\/pascaledrea.com\/index.php\/wp-json\/wp\/v2\/pages\/353\/revisions\/1819"}],"wp:attachment":[{"href":"https:\/\/pascaledrea.com\/index.php\/wp-json\/wp\/v2\/media?parent=353"}],"curies":[{"name":"wp","href":"https:\/\/api.w.org\/{rel}","templated":true}]}}