{"id":354,"date":"2020-12-19T13:01:57","date_gmt":"2020-12-19T12:01:57","guid":{"rendered":"https:\/\/pascaledrea.com\/?page_id=354"},"modified":"2025-06-10T12:28:27","modified_gmt":"2025-06-10T10:28:27","slug":"cv","status":"publish","type":"page","link":"https:\/\/pascaledrea.com\/index.php\/cv\/","title":{"rendered":"CV"},"content":{"rendered":"\n<div class=\"wp-block-columns is-layout-flex wp-container-core-columns-is-layout-9d6595d7 wp-block-columns-is-layout-flex\">\n<div class=\"wp-block-column is-vertically-aligned-stretch is-layout-flow wp-block-column-is-layout-flow\">\n<div class=\"wp-block-columns is-layout-flex wp-container-core-columns-is-layout-9d6595d7 wp-block-columns-is-layout-flex\">\n<div class=\"wp-block-column is-layout-flow wp-block-column-is-layout-flow\">\n<p><strong>Pascale Drea<\/strong><br>75017 <strong>Paris<\/strong><br>pascale.drea@gmail.com<\/p>\n<\/div>\n\n\n\n<div class=\"wp-block-column is-layout-flow wp-block-column-is-layout-flow\">\n<p><strong>CR<strong>\u00c9<\/strong>ATION DE CONTENUS DIGITAUX<\/strong><\/p>\n\n\n\n<p><strong>INFOGRAPHIE<br>MONTAGE<br><\/strong><\/p>\n<\/div>\n<\/div>\n<\/div>\n<\/div>\n\n\n\n<p><strong>COMPETENCES:<\/strong><br>&#8211; <strong>INFOGRAPHIE<\/strong>: Ma\u00eetrise de Photoshop (et Gimp), Montage, d\u00e9tourage, Cr\u00e9ation d\u2019affiches, Retouche Photo<br>&#8211; R\u00e9alisation de supports de communication web et print, banni\u00e8res, flyers, affiches,<br>Cartes de visite, pochettes de CD<br>&#8211; Cr\u00e9ation et mise \u00e0 jour de sites internet, HTML, Flash, Dreamweaver, WordPress, Joomla<br>&#8211; Ma\u00eetrise des r\u00e9seaux sociaux et Marketing digital<br>&#8211; Informatique: Suite Adobe, Multim\u00e9dia<br><strong>&#8211; VIDEO:<\/strong> R\u00e9alisation, Tournage, Montage, \u00c9talonnage (<strong>Premi\u00e8re Pro<\/strong>, Final Cut, ShotCut, <strong>DaVinci Resolve<\/strong>) de Publicit\u00e9s et Vid\u00e9o-Clips musicaux <br>&#8211; <strong>PAO<\/strong>: Recopie et pr\u00e9paration sur Word, Writer de documents manuscrits<br>destin\u00e9s \u00e0 l\u2019impression<br><\/p>\n\n\n\n<p><strong>EXPERIENCE PROFESSIONNELLE:<\/strong><\/p>\n\n\n\n<p><strong>Aujourd&rsquo;hui<\/strong>: infographiste en auto entreprise (scanns de photos : n\u00e9gatifs et ektas ; cr\u00e9ation d&rsquo;affiches, pochettes d&rsquo;albums musicaux, logos, de contenus web) montage vid\u00e9o<\/p>\n\n\n\n<p><strong>&#8211; 2022<\/strong> (BACKUP) <strong>Infographiste A\/V<\/strong>  (Charg\u00e9e des entr\u00e9es\/sorties, fabrication des Bandes antennes d\u00e9materialis\u00e9es PAD pr\u00eat \u00e0 diffuser)<br>&#8211; 2020 Cr\u00e9ation d\u2019une <strong>Auto Entreprise (toujours en activit\u00e9)  <\/strong><br>    &#8211; <strong>Num\u00e9risation<\/strong> Haute d\u00e9finition de diapositives et <strong>retouche photo<\/strong> <strong>(de 2020 \u00e0 aujourd&rsquo;hui)<\/strong>, <strong>infographie.<\/strong><br><strong>&#8211; 2016<\/strong> (Editions Musicales Fran\u00e7ois Premier, groupe Lagard\u00e8re)<br><strong>Directrice artistique<\/strong> de production et r\u00e9alisatrice du Clip \u201cToto Nimate\u201d<br><strong>&#8211; Depuis 2007:<\/strong> Missions en <strong>ind\u00e9pendante<\/strong>:<br>Conception et cr\u00e9ation de<strong> sites web<\/strong> pour 6 artistes, mise en page et mise \u00e0 jour<br>des contenus, int\u00e9gration de photos, banni\u00e8res, article ou vid\u00e9os<br>Conception et r\u00e9alisation d\u2019affiches et pochettes d\u2019albums pour 6 artistes<br>Prise-de-vues, portraits, books d&rsquo;artistes,  photos et dessins<br>Conception, tournage montage et mise en ligne de<strong> vid\u00e9o-clips musicaux<\/strong><br><strong>&#8211; 2006 \u00e0 2007<\/strong>: (DURAN DUBOI) <strong>Responsable des Compressions<\/strong> (vid\u00e9o)<br><strong>&#8211; 1994 \u00e0 2006<\/strong>: (DURAN DUBOI) <strong>Op\u00e9ratrice Multim\u00e9dia, responsable du d\u00e9partement \u201cEktas<\/strong>\u201d,<br>Charg\u00e9e des entr\u00e9es\/sorties, fabrication des Bandes antennes (Masters PAD), Visionnage et s\u00e9lection de vues avec le client, traitement de l\u2019image (\u00e9talonnage et retouches)<br>Shoot et d\u00e9veloppent sur DO 24X36 ou 4X5 et Jojo ATL 2300<br><strong>&#8211; De 1991 \u00e0 1994<\/strong>: (DURAN LABO) Op\u00e9ratrice de duplication vid\u00e9o (Copies tous supports et PAD)<br><strong>Assistante des r\u00e9gies<\/strong> (pr\u00e9paration d&rsquo;\u00e9l\u00e9ments images fixes (supports papier ou num\u00e9riques)<br>ou s\u00e9quences vid\u00e9o ou sonores \u00e0 destination des r\u00e9gies de montage.<br>De 1990 \u00e0 1991: (PANDORE) Assistante de production (films ou jingles publicitaires)<br><\/p>\n\n\n\n<p><strong>FORMATION:<\/strong><br>&#8211; <strong>infographie<\/strong>: Certificat<strong> CREAR<\/strong> (1990) et <strong>en interne chez DURAN<\/strong><br>&#8211; Fondamentaux du Marketing Digital (MOOK)<br><\/p>\n\n\n\n<p><strong>EXTRAS\/LOISIRS:<\/strong><\/p>\n\n\n\n<p>&#8211; Laur\u00e9ate du concours photo \u00ab\u00a0Paris Berges de Seine\u00a0\u00bb Mairie de Paris Septembre 2015<br>&#8211; Expo photos urbaines &#8211; Galerie Kam\u00e9l\u00e9on en 2015<br>&#8211; <strong>Expo photos<\/strong> \u00ab\u00a0Instantan\u00e9s Parisiens Singuliers\u00a0\u00bb Caf\u00e9 des Psaumes Fevrier 2020<\/p>\n\n\n\n<p><\/p>\n\n\n\n<p><\/p>\n\n\n\n<p><br><\/p>\n","protected":false},"excerpt":{"rendered":"<p>Pascale Drea75017 Parispascale.drea@gmail.com CR\u00c9ATION DE CONTENUS DIGITAUX INFOGRAPHIEMONTAGE COMPETENCES:&#8211; INFOGRAPHIE: Ma\u00eetrise de Photoshop (et Gimp), Montage, d\u00e9tourage, Cr\u00e9ation d\u2019affiches, Retouche Photo&#8211; R\u00e9alisation de supports de communication web et print, banni\u00e8res, flyers, affiches,Cartes de visite, pochettes de CD&#8211; Cr\u00e9ation et mise \u00e0 jour de sites internet, HTML, Flash, Dreamweaver, WordPress, Joomla&#8211; Ma\u00eetrise des r\u00e9seaux sociaux et [&hellip;]<\/p>\n","protected":false},"author":1,"featured_media":0,"parent":0,"menu_order":0,"comment_status":"closed","ping_status":"closed","template":"","meta":{"footnotes":""},"class_list":["post-354","page","type-page","status-publish","hentry"],"_links":{"self":[{"href":"https:\/\/pascaledrea.com\/index.php\/wp-json\/wp\/v2\/pages\/354","targetHints":{"allow":["GET"]}}],"collection":[{"href":"https:\/\/pascaledrea.com\/index.php\/wp-json\/wp\/v2\/pages"}],"about":[{"href":"https:\/\/pascaledrea.com\/index.php\/wp-json\/wp\/v2\/types\/page"}],"author":[{"embeddable":true,"href":"https:\/\/pascaledrea.com\/index.php\/wp-json\/wp\/v2\/users\/1"}],"replies":[{"embeddable":true,"href":"https:\/\/pascaledrea.com\/index.php\/wp-json\/wp\/v2\/comments?post=354"}],"version-history":[{"count":64,"href":"https:\/\/pascaledrea.com\/index.php\/wp-json\/wp\/v2\/pages\/354\/revisions"}],"predecessor-version":[{"id":1823,"href":"https:\/\/pascaledrea.com\/index.php\/wp-json\/wp\/v2\/pages\/354\/revisions\/1823"}],"wp:attachment":[{"href":"https:\/\/pascaledrea.com\/index.php\/wp-json\/wp\/v2\/media?parent=354"}],"curies":[{"name":"wp","href":"https:\/\/api.w.org\/{rel}","templated":true}]}}